{"id":2,"date":"2025-06-12T13:51:35","date_gmt":"2025-06-12T11:51:35","guid":{"rendered":"http:\/\/foxniouses.fr\/?page_id=2"},"modified":"2025-08-09T18:34:24","modified_gmt":"2025-08-09T16:34:24","slug":"a-propos-de-fox-niouses","status":"publish","type":"page","link":"https:\/\/foxniouses.fr\/index.php\/a-propos-de-fox-niouses\/","title":{"rendered":"A propos"},"content":{"rendered":"\n<p>Lanc\u00e9 en juin 2025, le m\u00e9dia <em>Fox Niouses<\/em> a pour but principal d&rsquo;informer sur la situation du renard roux en France. De quoi est-il victime ? Pourquoi l&rsquo;Etat persiste-t-il \u00e0 le consid\u00e9rer comme \u00ab\u00a0nuisible\u00a0\u00bb ? Quels sont les acteurs qui agissent pour r\u00e9habiliter ce petit pr\u00e9dateur \u00e0 l&rsquo;\u00e9chelle locale et nationale (associations, lanceurs d&rsquo;alerte, naturalistes, scientifiques, etc.) ?<\/p>\n\n\n\n<p>100% militant et ind\u00e9pendant, <em>Fox Niouses<\/em> entend aborder \u00e9galement la situation d&rsquo;autres animaux sauvages en France, qu&rsquo;ils soient victimes du loisir de la chasse et \/ ou de mesures de \u00ab\u00a0destruction\u00a0\u00bb administratives souvent infond\u00e9es sur le plan \u00e9cologique, scientifique et sanitaire.<\/p>\n\n\n\n<p><em>Fox Niouses<\/em> se veut ainsi le relai dans le d\u00e9bat public de la voix de tous les d\u00e9fenseurs des renards et autres mal-aim\u00e9s qui, au contraire des lobbies de la chasse et de l&rsquo;agrochimie qui ne cherchent qu&rsquo;\u00e0 d\u00e9fendre leurs propres int\u00e9r\u00eats, fondent leurs demandes et leurs revendications sur des faits objectiv\u00e9s et d\u00e9sint\u00e9ress\u00e9s, tels que document\u00e9s avec rigueur et pr\u00e9cision par la recherche scientifique (biologie, \u00e9thologie, \u00e9cologie, etc.). <\/p>\n\n\n\n<h2 class=\"wp-block-heading\">Stop aux infox ! <\/h2>\n\n\n\n<p>Aussi, face au traitement m\u00e9diatique souvent consternant de certains journaux (locaux, la plupart du temps), o\u00f9 des \u00ab\u00a0journalistes\u00a0\u00bb et correspondants locaux peu scrupuleux reprennent sans discernement ni d\u00e9ontologie la propagande des chasseurs, pi\u00e9geurs et autres ennemis de la faune sauvage, <em>Fox Niouses<\/em> entend \u00e9galement jouer un r\u00f4le de lanceur d&rsquo;alerte m\u00e9diatique, en filtrant l&rsquo;information et en apportant d&rsquo;autres \u00e9clairages aux contenus relay\u00e9s. En donnant mati\u00e8re au lecteur de r\u00e9fl\u00e9chir par lui-m\u00eame, on \u00e9vite toute manipulation des consciences !<\/p>\n\n\n\n<h2 class=\"wp-block-heading\">Soutenez Fox Niouses ! <\/h2>\n\n\n\n<p>Le meilleur moyen de soutenir <em>Fox Niouses<\/em>, c&rsquo;est d&rsquo;inviter votre famille, vos amis et connaissances \u00e0 relayer nos articles et \u00e0 nous suivre sur les r\u00e9seaux sociaux. Plus nous serons lus, plus les renards seront mieux vus ! Suivez-nous sur <a href=\"https:\/\/www.facebook.com\/foxniouses\">Facebook<\/a> et sur <a href=\"https:\/\/www.instagram.com\/foxniouses\">Instagram<\/a>.<\/p>\n\n\n\n<p>Nous avons constamment besoin de nouvelles photos de renards pour illustrer nos articles et posts. Vous \u00eates sensible \u00e0 notre cause et souhaitez contribuer b\u00e9n\u00e9volement en mettant \u00e0 disposition vos photos ? <a href=\"http:\/\/foxniouses.fr\/index.php\/contact\/\">Contactez-nous<\/a> ! <\/p>\n\n\n\n<p><strong>Vous avez une information \u00e0 nous transmettre sur les renards ou sur la faune sauvage en g\u00e9n\u00e9ral ? Contactez-nous via le <a href=\"http:\/\/foxniouses.fr\/index.php\/contact\/\">formulaire du site<\/a>.<\/strong><\/p>\n","protected":false},"excerpt":{"rendered":"<p>Lanc\u00e9 en juin 2025, le m\u00e9dia Fox Niouses a pour but principal d&rsquo;informer sur la situation du renard roux en France. De quoi est-il victime ? Pourquoi l&rsquo;Etat persiste-t-il \u00e0&#8230;<\/p>\n","protected":false},"author":1,"featured_media":11,"parent":0,"menu_order":0,"comment_status":"closed","ping_status":"open","template":"","meta":{"footnotes":""},"class_list":["post-2","page","type-page","status-publish","has-post-thumbnail","hentry"],"yoast_head":"<!-- This site is optimized with the Yoast SEO plugin v25.3.1 - https:\/\/yoast.com\/wordpress\/plugins\/seo\/ -->\n<title>A propos - FOX NIOUSES<\/title>\n<meta name=\"robots\" content=\"index, follow, max-snippet:-1, max-image-preview:large, max-video-preview:-1\" \/>\n<link rel=\"canonical\" href=\"https:\/\/foxniouses.fr\/index.php\/a-propos-de-fox-niouses\/\" \/>\n<meta property=\"og:locale\" content=\"fr_FR\" \/>\n<meta property=\"og:type\" content=\"article\" \/>\n<meta property=\"og:title\" content=\"A propos - FOX NIOUSES\" \/>\n<meta property=\"og:description\" content=\"Lanc\u00e9 en juin 2025, le m\u00e9dia Fox Niouses a pour but principal d&rsquo;informer sur la situation du renard roux en France. De quoi est-il victime ? Pourquoi l&rsquo;Etat persiste-t-il \u00e0...\" \/>\n<meta property=\"og:url\" content=\"https:\/\/foxniouses.fr\/index.php\/a-propos-de-fox-niouses\/\" \/>\n<meta property=\"og:site_name\" content=\"FOX NIOUSES\" \/>\n<meta property=\"article:publisher\" content=\"https:\/\/www.facebook.com\/foxniouses\" \/>\n<meta property=\"article:modified_time\" content=\"2025-08-09T16:34:24+00:00\" \/>\n<meta property=\"og:image\" content=\"http:\/\/foxniouses.fr\/wp-content\/uploads\/2025\/06\/foxyy.jpg\" \/>\n\t<meta property=\"og:image:width\" content=\"2048\" \/>\n\t<meta property=\"og:image:height\" content=\"1365\" \/>\n\t<meta property=\"og:image:type\" content=\"image\/jpeg\" \/>\n<meta name=\"twitter:card\" content=\"summary_large_image\" \/>\n<meta name=\"twitter:label1\" content=\"Dur\u00e9e de lecture estim\u00e9e\" \/>\n\t<meta name=\"twitter:data1\" content=\"2 minutes\" \/>\n<script type=\"application\/ld+json\" class=\"yoast-schema-graph\">{\"@context\":\"https:\/\/schema.org\",\"@graph\":[{\"@type\":\"WebPage\",\"@id\":\"https:\/\/foxniouses.fr\/index.php\/a-propos-de-fox-niouses\/\",\"url\":\"https:\/\/foxniouses.fr\/index.php\/a-propos-de-fox-niouses\/\",\"name\":\"A propos - FOX NIOUSES\",\"isPartOf\":{\"@id\":\"https:\/\/foxniouses.fr\/#website\"},\"primaryImageOfPage\":{\"@id\":\"https:\/\/foxniouses.fr\/index.php\/a-propos-de-fox-niouses\/#primaryimage\"},\"image\":{\"@id\":\"https:\/\/foxniouses.fr\/index.php\/a-propos-de-fox-niouses\/#primaryimage\"},\"thumbnailUrl\":\"https:\/\/foxniouses.fr\/wp-content\/uploads\/2025\/06\/foxyy.jpg\",\"datePublished\":\"2025-06-12T11:51:35+00:00\",\"dateModified\":\"2025-08-09T16:34:24+00:00\",\"breadcrumb\":{\"@id\":\"https:\/\/foxniouses.fr\/index.php\/a-propos-de-fox-niouses\/#breadcrumb\"},\"inLanguage\":\"fr-FR\",\"potentialAction\":[{\"@type\":\"ReadAction\",\"target\":[\"https:\/\/foxniouses.fr\/index.php\/a-propos-de-fox-niouses\/\"]}]},{\"@type\":\"ImageObject\",\"inLanguage\":\"fr-FR\",\"@id\":\"https:\/\/foxniouses.fr\/index.php\/a-propos-de-fox-niouses\/#primaryimage\",\"url\":\"https:\/\/foxniouses.fr\/wp-content\/uploads\/2025\/06\/foxyy.jpg\",\"contentUrl\":\"https:\/\/foxniouses.fr\/wp-content\/uploads\/2025\/06\/foxyy.jpg\",\"width\":2048,\"height\":1365},{\"@type\":\"BreadcrumbList\",\"@id\":\"https:\/\/foxniouses.fr\/index.php\/a-propos-de-fox-niouses\/#breadcrumb\",\"itemListElement\":[{\"@type\":\"ListItem\",\"position\":1,\"name\":\"Accueil\",\"item\":\"https:\/\/foxniouses.fr\/\"},{\"@type\":\"ListItem\",\"position\":2,\"name\":\"A propos\"}]},{\"@type\":\"WebSite\",\"@id\":\"https:\/\/foxniouses.fr\/#website\",\"url\":\"https:\/\/foxniouses.fr\/\",\"name\":\"FOX NIOUSES\",\"description\":\"L&#039;actu des renards et autres mal-aim\u00e9s du monde sauvage\",\"publisher\":{\"@id\":\"https:\/\/foxniouses.fr\/#organization\"},\"potentialAction\":[{\"@type\":\"SearchAction\",\"target\":{\"@type\":\"EntryPoint\",\"urlTemplate\":\"https:\/\/foxniouses.fr\/?s={search_term_string}\"},\"query-input\":{\"@type\":\"PropertyValueSpecification\",\"valueRequired\":true,\"valueName\":\"search_term_string\"}}],\"inLanguage\":\"fr-FR\"},{\"@type\":\"Organization\",\"@id\":\"https:\/\/foxniouses.fr\/#organization\",\"name\":\"FOX NIOUSES\",\"url\":\"https:\/\/foxniouses.fr\/\",\"logo\":{\"@type\":\"ImageObject\",\"inLanguage\":\"fr-FR\",\"@id\":\"https:\/\/foxniouses.fr\/#\/schema\/logo\/image\/\",\"url\":\"http:\/\/foxniouses.fr\/wp-content\/uploads\/2025\/06\/cropped-cropped-cropped-cropped-logo-carre-1.png\",\"contentUrl\":\"http:\/\/foxniouses.fr\/wp-content\/uploads\/2025\/06\/cropped-cropped-cropped-cropped-logo-carre-1.png\",\"width\":512,\"height\":512,\"caption\":\"FOX NIOUSES\"},\"image\":{\"@id\":\"https:\/\/foxniouses.fr\/#\/schema\/logo\/image\/\"},\"sameAs\":[\"https:\/\/www.facebook.com\/foxniouses\"]}]}<\/script>\n<!-- \/ Yoast SEO plugin. -->","yoast_head_json":{"title":"A propos - FOX NIOUSES","robots":{"index":"index","follow":"follow","max-snippet":"max-snippet:-1","max-image-preview":"max-image-preview:large","max-video-preview":"max-video-preview:-1"},"canonical":"https:\/\/foxniouses.fr\/index.php\/a-propos-de-fox-niouses\/","og_locale":"fr_FR","og_type":"article","og_title":"A propos - FOX NIOUSES","og_description":"Lanc\u00e9 en juin 2025, le m\u00e9dia Fox Niouses a pour but principal d&rsquo;informer sur la situation du renard roux en France. De quoi est-il victime ? Pourquoi l&rsquo;Etat persiste-t-il \u00e0...","og_url":"https:\/\/foxniouses.fr\/index.php\/a-propos-de-fox-niouses\/","og_site_name":"FOX NIOUSES","article_publisher":"https:\/\/www.facebook.com\/foxniouses","article_modified_time":"2025-08-09T16:34:24+00:00","og_image":[{"width":2048,"height":1365,"url":"http:\/\/foxniouses.fr\/wp-content\/uploads\/2025\/06\/foxyy.jpg","type":"image\/jpeg"}],"twitter_card":"summary_large_image","twitter_misc":{"Dur\u00e9e de lecture estim\u00e9e":"2 minutes"},"schema":{"@context":"https:\/\/schema.org","@graph":[{"@type":"WebPage","@id":"https:\/\/foxniouses.fr\/index.php\/a-propos-de-fox-niouses\/","url":"https:\/\/foxniouses.fr\/index.php\/a-propos-de-fox-niouses\/","name":"A propos - FOX NIOUSES","isPartOf":{"@id":"https:\/\/foxniouses.fr\/#website"},"primaryImageOfPage":{"@id":"https:\/\/foxniouses.fr\/index.php\/a-propos-de-fox-niouses\/#primaryimage"},"image":{"@id":"https:\/\/foxniouses.fr\/index.php\/a-propos-de-fox-niouses\/#primaryimage"},"thumbnailUrl":"https:\/\/foxniouses.fr\/wp-content\/uploads\/2025\/06\/foxyy.jpg","datePublished":"2025-06-12T11:51:35+00:00","dateModified":"2025-08-09T16:34:24+00:00","breadcrumb":{"@id":"https:\/\/foxniouses.fr\/index.php\/a-propos-de-fox-niouses\/#breadcrumb"},"inLanguage":"fr-FR","potentialAction":[{"@type":"ReadAction","target":["https:\/\/foxniouses.fr\/index.php\/a-propos-de-fox-niouses\/"]}]},{"@type":"ImageObject","inLanguage":"fr-FR","@id":"https:\/\/foxniouses.fr\/index.php\/a-propos-de-fox-niouses\/#primaryimage","url":"https:\/\/foxniouses.fr\/wp-content\/uploads\/2025\/06\/foxyy.jpg","contentUrl":"https:\/\/foxniouses.fr\/wp-content\/uploads\/2025\/06\/foxyy.jpg","width":2048,"height":1365},{"@type":"BreadcrumbList","@id":"https:\/\/foxniouses.fr\/index.php\/a-propos-de-fox-niouses\/#breadcrumb","itemListElement":[{"@type":"ListItem","position":1,"name":"Accueil","item":"https:\/\/foxniouses.fr\/"},{"@type":"ListItem","position":2,"name":"A propos"}]},{"@type":"WebSite","@id":"https:\/\/foxniouses.fr\/#website","url":"https:\/\/foxniouses.fr\/","name":"FOX NIOUSES","description":"L&#039;actu des renards et autres mal-aim\u00e9s du monde sauvage","publisher":{"@id":"https:\/\/foxniouses.fr\/#organization"},"potentialAction":[{"@type":"SearchAction","target":{"@type":"EntryPoint","urlTemplate":"https:\/\/foxniouses.fr\/?s={search_term_string}"},"query-input":{"@type":"PropertyValueSpecification","valueRequired":true,"valueName":"search_term_string"}}],"inLanguage":"fr-FR"},{"@type":"Organization","@id":"https:\/\/foxniouses.fr\/#organization","name":"FOX NIOUSES","url":"https:\/\/foxniouses.fr\/","logo":{"@type":"ImageObject","inLanguage":"fr-FR","@id":"https:\/\/foxniouses.fr\/#\/schema\/logo\/image\/","url":"http:\/\/foxniouses.fr\/wp-content\/uploads\/2025\/06\/cropped-cropped-cropped-cropped-logo-carre-1.png","contentUrl":"http:\/\/foxniouses.fr\/wp-content\/uploads\/2025\/06\/cropped-cropped-cropped-cropped-logo-carre-1.png","width":512,"height":512,"caption":"FOX NIOUSES"},"image":{"@id":"https:\/\/foxniouses.fr\/#\/schema\/logo\/image\/"},"sameAs":["https:\/\/www.facebook.com\/foxniouses"]}]}},"_links":{"self":[{"href":"https:\/\/foxniouses.fr\/index.php\/wp-json\/wp\/v2\/pages\/2","targetHints":{"allow":["GET"]}}],"collection":[{"href":"https:\/\/foxniouses.fr\/index.php\/wp-json\/wp\/v2\/pages"}],"about":[{"href":"https:\/\/foxniouses.fr\/index.php\/wp-json\/wp\/v2\/types\/page"}],"author":[{"embeddable":true,"href":"https:\/\/foxniouses.fr\/index.php\/wp-json\/wp\/v2\/users\/1"}],"replies":[{"embeddable":true,"href":"https:\/\/foxniouses.fr\/index.php\/wp-json\/wp\/v2\/comments?post=2"}],"version-history":[{"count":7,"href":"https:\/\/foxniouses.fr\/index.php\/wp-json\/wp\/v2\/pages\/2\/revisions"}],"predecessor-version":[{"id":184,"href":"https:\/\/foxniouses.fr\/index.php\/wp-json\/wp\/v2\/pages\/2\/revisions\/184"}],"wp:featuredmedia":[{"embeddable":true,"href":"https:\/\/foxniouses.fr\/index.php\/wp-json\/wp\/v2\/media\/11"}],"wp:attachment":[{"href":"https:\/\/foxniouses.fr\/index.php\/wp-json\/wp\/v2\/media?parent=2"}],"curies":[{"name":"wp","href":"https:\/\/api.w.org\/{rel}","templated":true}]}}